{"id":2552,"date":"2026-04-09T06:58:47","date_gmt":"2026-04-09T06:58:47","guid":{"rendered":"https:\/\/finquesprat.cat\/aviso-legal\/"},"modified":"2026-04-09T07:28:00","modified_gmt":"2026-04-09T07:28:00","slug":"aviso-legal","status":"publish","type":"page","link":"https:\/\/finquesprat.cat\/es\/aviso-legal\/","title":{"rendered":"Aviso Legal"},"content":{"rendered":"<div class=\"fusion-fullwidth fullwidth-box fusion-builder-row-1 fusion-flex-container nonhundred-percent-fullwidth non-hundred-percent-height-scrolling\" style=\"--awb-border-radius-top-left:0px;--awb-border-radius-top-right:0px;--awb-border-radius-bottom-right:0px;--awb-border-radius-bottom-left:0px;--awb-flex-wrap:wrap;\" ><div class=\"fusion-builder-row fusion-row fusion-flex-align-items-flex-start fusion-flex-content-wrap\" style=\"max-width:1248px;margin-left: calc(-4% \/ 2 );margin-right: calc(-4% \/ 2 );\"><div class=\"fusion-layout-column fusion_builder_column fusion-builder-column-0 fusion_builder_column_1_1 1_1 fusion-flex-column\" style=\"--awb-bg-size:cover;--awb-width-large:100%;--awb-margin-top-large:0px;--awb-spacing-right-large:1.92%;--awb-margin-bottom-large:0px;--awb-spacing-left-large:1.92%;--awb-width-medium:100%;--awb-spacing-right-medium:1.92%;--awb-spacing-left-medium:1.92%;--awb-width-small:100%;--awb-spacing-right-small:1.92%;--awb-spacing-left-small:1.92%;\"><div class=\"fusion-column-wrapper fusion-flex-justify-content-flex-start fusion-content-layout-column\"><div class=\"fusion-text fusion-text-1\"><p><em style=\"background-color: rgba(0, 0, 0, 0);\">En cumplimiento de la Ley 34\/2002, de 11 de julio, de Servicios de la Sociedad de la Informaci\u00f3n y de Comercio Electr\u00f3nico (LSSI-CE), la empresa le informa que es titular del sitio web. De acuerdo con la exigencia del art\u00edculo 10 de la citada Ley, informa de los siguientes datos: <\/em><\/p>\n<p><em>El titular de este sitio web es: <\/em><\/p>\n<table style=\"height: 160px;\" width=\"614\">\n<tbody>\n<tr>\n<td width=\"151\">Nombre de la empresa:<\/td>\n<td width=\"415\">Finques Prat Serveis Inmobiliaris S.L.<\/td>\n<\/tr>\n<tr>\n<td width=\"151\">NIF:<\/td>\n<td width=\"415\"> B66798703<\/td>\n<\/tr>\n<tr>\n<td width=\"151\">Direcci\u00f3n:<\/td>\n<td width=\"415\"> Passeig Prat De La Riba 15 Local, 08320, El Masnou, Barcelona<\/td>\n<\/tr>\n<tr>\n<td width=\"151\">Inscripci\u00f3n en el registro mercantil:<\/td>\n<td width=\"415\"> N\u00famero de inscripci\u00f3n<\/td>\n<\/tr>\n<\/tbody>\n<\/table>\n<p><strong><em><u>USUARIOS<\/u><\/em><\/strong><\/p>\n<p><em>El acceso y\/o uso de este portal le atribuye la condici\u00f3n de USUARIO, que acepta, desde dicho acceso y\/o uso, las Condiciones Generales de Uso aqu\u00ed reflejadas. Las citadas Condiciones ser\u00e1n de aplicaci\u00f3n independientemente de las Condiciones Generales de Contrataci\u00f3n que en su caso resulten de obligado cumplimiento. <\/em><\/p>\n<p><strong><em><u>USO DEL PORTAL<\/u><\/em><\/strong><\/p>\n<p><em>La p\u00e1gina web proporciona el acceso a multitud de informaciones, servicios, programas o datos (en adelante, \u201clos contenidos\u201d) en Internet pertenecientes a Finques Prat Serveis Inmobiliaris S.L. o a sus licenciantes a los que el USUARIO pueda tener acceso. El USUARIO asume la responsabilidad del uso del portal. Dicha responsabilidad se extiende al registro que fuese necesario para acceder a determinados servicios o contenidos.  <\/em><\/p>\n<p><em>En dicho registro el USUARIO ser\u00e1 responsable de aportar informaci\u00f3n veraz y l\u00edcita. Como consecuencia de este registro, al USUARIO se le puede proporcionar una contrase\u00f1a de la que ser\u00e1 responsable, comprometi\u00e9ndose a hacer un uso diligente y confidencial de la misma. El USUARIO se compromete a hacer un uso adecuado de los contenidos y servicios que Finques Prat Serveis Inmobiliaris S.L. ofrece a trav\u00e9s de su portal y con car\u00e1cter enunciativo pero no limitativo, a no emplearlos para:   <\/em><\/p>\n<ol>\n<li><em>incurrir en actividades il\u00edcitas, ilegales o contrarias a la buena fe y al orden p\u00fablico<\/em><\/li>\n<li><em>difundir contenidos o propaganda de car\u00e1cter racista, xen\u00f3fobo, pornogr\u00e1fico-ilegal, de apolog\u00eda del terrorismo o atentatorio contra los derechos humanos<\/em><\/li>\n<li><em>provocar da\u00f1os en los sistemas f\u00edsicos y l\u00f3gicos de Finques Prat Serveis Inmobiliaris S.L., de sus proveedores o de terceras personas, introducir o difundir en la red virus inform\u00e1ticos o cualesquiera otros sistemas f\u00edsicos o l\u00f3gicos que sean susceptibles de provocar los da\u00f1os anteriormente mencionados;<\/em><\/li>\n<li><em>intentar acceder y, en su caso, utilizar las cuentas de correo electr\u00f3nico de otros usuarios y modificar manipular sus mensajes. Finques Prat Serveis Inmobiliaris S.L. se reserva el derecho de retirar todos aquellos comentarios y aportaciones que vulneren el respeto a la dignidad de la persona, que sean discriminatorios, xen\u00f3fobos, racistas, pornogr\u00e1ficos, que atenten contra la juventud o la infancia, el orden o la seguridad p\u00fablica o que, a su juicio, no resultaran adecuados para su publicaci\u00f3n. En cualquier caso, Finques Prat Serveis Inmobiliaris S.L. no ser\u00e1 responsable de las opiniones vertidas por los usuarios a trav\u00e9s de los foros, chats, u otras herramientas de participaci\u00f3n.  <\/em><\/li>\n<\/ol>\n<p><strong><em><u>PROPIEDAD INTELECTUAL E INDUSTRIAL<\/u><\/em><\/strong><\/p>\n<p><em>Finques Prat Serveis Inmobiliaris S.L. ser\u00e1 titular de todos los derechos de propiedad intelectual e industrial de su p\u00e1gina web, as\u00ed como de los elementos contenidos en la misma (a t\u00edtulo enunciativo, im\u00e1genes, sonido, audio, v\u00eddeo, software o textos; marcas o logotipos, combinaciones de colores, estructura y dise\u00f1o, selecci\u00f3n de materiales usados, programas de ordenador necesarios para su funcionamiento, acceso y uso, etc.).<\/em><\/p>\n<p><em>Todos los derechos reservados. En virtud de lo dispuesto en los art\u00edculos 8 y 32.1, p\u00e1rrafo segundo, de la Ley de Propiedad Intelectual, quedan expresamente prohibidas la reproducci\u00f3n, la distribuci\u00f3n y la comunicaci\u00f3n p\u00fablica, incluida su modalidad de puesta a disposici\u00f3n, de la totalidad o parte de los contenidos de esta p\u00e1gina web, con fines comerciales, en cualquier soporte y por cualquier medio t\u00e9cnico, sin la autorizaci\u00f3n de Finques Prat Serveis Inmobiliaris S.L.. El USUARIO se compromete a respetar los derechos de Propiedad Intelectual e Industrial titularidad de Finques Prat Serveis Inmobiliaris S.L.. Podr\u00e1 visualizar los elementos del portal e incluso imprimirlos, copiarlos y almacenarlos en el disco duro de su ordenador o en cualquier otro soporte f\u00edsico siempre y cuando sea, \u00fanica y exclusivamente, para su uso personal y privado. El USUARIO deber\u00e1 abstenerse de suprimir, alterar, eludir o manipular cualquier dispositivo de protecci\u00f3n o sistema de seguridad que estuviera instalado en el las p\u00e1ginas de Finques Prat Serveis Inmobiliaris S.L..  <\/em><\/p>\n<p><strong><em><u>EXCLUSI\u00d3N DE GARANT\u00cdAS Y RESPONSABILIDAD<\/u><\/em><\/strong><\/p>\n<p><em>Finques Prat Serveis Inmobiliaris S.L. no se hace responsable, en ning\u00fan caso, de los da\u00f1os y perjuicios de cualquier naturaleza que pudieran ocasionar, a t\u00edtulo enunciativo: errores u omisiones en los contenidos, falta de disponibilidad del portal o la transmisi\u00f3n de virus o programas maliciosos o lesivos en los contenidos, a pesar de haber adoptado todas las medidas tecnol\u00f3gicas necesarias para evitarlo.<\/em><\/p>\n<p><strong><em><u>MODIFICACIONES<\/u><\/em><\/strong><\/p>\n<p><em>Finques Prat Serveis Inmobiliaris S.L. se reserva el derecho de efectuar sin previo aviso las modificaciones que considere oportunas en su portal, pudiendo cambiar, suprimir o a\u00f1adir tanto los contenidos y servicios que se presten a trav\u00e9s de la misma como la forma en la que \u00e9stos aparezcan presentados o localizados en su portal.<\/em><\/p>\n<p><strong><em><u>ENLACES<\/u><\/em><\/strong><\/p>\n<p><em>En el caso de que en la p\u00e1gina web se dispusiesen enlaces o hiperv\u00ednculos hac\u00eda otros sitios de Internet, Finques Prat Serveis Inmobiliaris S.L. no ejercer\u00e1 ning\u00fan tipo de control sobre dichos sitios y contenidos. En ning\u00fan caso Finques Prat Serveis Inmobiliaris S.L. asumir\u00e1 responsabilidad alguna por los contenidos de alg\u00fan enlace perteneciente a un sitio web ajeno, ni garantizar\u00e1 la disponibilidad t\u00e9cnica, calidad, fiabilidad, exactitud, amplitud, veracidad, validez y constitucionalidad de cualquier material o informaci\u00f3n contenida en ninguno de dichos hiperv\u00ednculos u otros sitios de Internet. <\/em><\/p>\n<p><em>Igualmente, la inclusi\u00f3n de estas conexiones externas no implicar\u00e1 ning\u00fan tipo de asociaci\u00f3n, fusi\u00f3n o participaci\u00f3n con las entidades conectadas.<\/em><\/p>\n<p><strong><em><u>DERECHO DE EXCLUSI\u00d3N<\/u><\/em><\/strong><\/p>\n<p><em>Finques Prat Serveis Inmobiliaris S.L. se reserva el derecho a denegar o retirar el acceso a portal y\/o los servicios ofrecidos sin necesidad de preaviso, a instancia propia o de un tercero, a aquellos usuarios que incumplan las presentes Condiciones Generales de Uso.<\/em><\/p>\n<p><strong><em><u>GENERALIDADES<\/u><\/em><\/strong><\/p>\n<p><em>Finques Prat Serveis Inmobiliaris S.L. perseguir\u00e1 el incumplimiento de las presentes condiciones, as\u00ed como cualquier utilizaci\u00f3n indebida de su portal ejerciendo todas las acciones civiles y penales que le puedan corresponder en derecho.<\/em><\/p>\n<p><strong><em><u>MODIFICACI\u00d3N DE LAS PRESENTES CONDICIONES Y DURACI\u00d3N<\/u><\/em><\/strong><\/p>\n<p><em>Finques Prat Serveis Inmobiliaris S.L. podr\u00e1 modificar en cualquier momento las condiciones aqu\u00ed determinadas, siendo debidamente publicadas como aqu\u00ed aparecen.<\/em><\/p>\n<p><em>La vigencia de las citadas condiciones ir\u00e1 en funci\u00f3n de su exposici\u00f3n y estar\u00e1n vigentes hasta que sean modificadas por otras debidamente publicadas.<\/em><\/p>\n<p><strong><em><u>LEGISLACI\u00d3N APLICABLE Y JURISDICCI\u00d3N<\/u><\/em><\/strong><\/p>\n<p><em>La relaci\u00f3n entre Finques Prat Serveis Inmobiliaris S.L. y el USUARIO se regir\u00e1 por la normativa espa\u00f1ola vigente y cualquier controversia se someter\u00e1 a los Juzgados y tribunales de la ciudad anteriormente indicada.<\/em><\/p>\n<\/div><\/div><\/div><\/div><\/div>\n","protected":false},"excerpt":{"rendered":"","protected":false},"author":1,"featured_media":0,"parent":0,"menu_order":0,"comment_status":"closed","ping_status":"closed","template":"","meta":{"footnotes":""},"class_list":["post-2552","page","type-page","status-publish","hentry"],"yoast_head":"<!-- This site is optimized with the Yoast SEO plugin v27.4 - https:\/\/yoast.com\/product\/yoast-seo-wordpress\/ -->\n<title>Aviso Legal - Finques Prat<\/title>\n<meta name=\"robots\" content=\"noindex, nofollow\" \/>\n<meta property=\"og:locale\" content=\"es_ES\" \/>\n<meta property=\"og:type\" content=\"article\" \/>\n<meta property=\"og:title\" content=\"Aviso Legal - Finques Prat\" \/>\n<meta property=\"og:url\" content=\"https:\/\/finquesprat.cat\/es\/aviso-legal\/\" \/>\n<meta property=\"og:site_name\" content=\"Finques Prat\" \/>\n<meta property=\"article:modified_time\" content=\"2026-04-09T07:28:00+00:00\" \/>\n<meta name=\"twitter:card\" content=\"summary_large_image\" \/>\n<meta name=\"twitter:label1\" content=\"Tiempo de lectura\" \/>\n\t<meta name=\"twitter:data1\" content=\"7 minutos\" \/>\n<script type=\"application\/ld+json\" class=\"yoast-schema-graph\">{\"@context\":\"https:\\\/\\\/schema.org\",\"@graph\":[{\"@type\":\"WebPage\",\"@id\":\"https:\\\/\\\/finquesprat.cat\\\/es\\\/aviso-legal\\\/\",\"url\":\"https:\\\/\\\/finquesprat.cat\\\/es\\\/aviso-legal\\\/\",\"name\":\"Aviso Legal - Finques Prat\",\"isPartOf\":{\"@id\":\"https:\\\/\\\/finquesprat.cat\\\/#website\"},\"datePublished\":\"2026-04-09T06:58:47+00:00\",\"dateModified\":\"2026-04-09T07:28:00+00:00\",\"breadcrumb\":{\"@id\":\"https:\\\/\\\/finquesprat.cat\\\/es\\\/aviso-legal\\\/#breadcrumb\"},\"inLanguage\":\"es\",\"potentialAction\":[{\"@type\":\"ReadAction\",\"target\":[\"https:\\\/\\\/finquesprat.cat\\\/es\\\/aviso-legal\\\/\"]}]},{\"@type\":\"BreadcrumbList\",\"@id\":\"https:\\\/\\\/finquesprat.cat\\\/es\\\/aviso-legal\\\/#breadcrumb\",\"itemListElement\":[{\"@type\":\"ListItem\",\"position\":1,\"name\":\"Portada\",\"item\":\"https:\\\/\\\/finquesprat.cat\\\/es\\\/inicio\\\/\"},{\"@type\":\"ListItem\",\"position\":2,\"name\":\"Aviso Legal\"}]},{\"@type\":\"WebSite\",\"@id\":\"https:\\\/\\\/finquesprat.cat\\\/#website\",\"url\":\"https:\\\/\\\/finquesprat.cat\\\/\",\"name\":\"Finques Prat\",\"description\":\"La millor Immobili\u00e0ria al Maresme.\",\"potentialAction\":[{\"@type\":\"SearchAction\",\"target\":{\"@type\":\"EntryPoint\",\"urlTemplate\":\"https:\\\/\\\/finquesprat.cat\\\/?s={search_term_string}\"},\"query-input\":{\"@type\":\"PropertyValueSpecification\",\"valueRequired\":true,\"valueName\":\"search_term_string\"}}],\"inLanguage\":\"es\"}]}<\/script>\n<!-- \/ Yoast SEO plugin. -->","yoast_head_json":{"title":"Aviso Legal - Finques Prat","robots":{"index":"noindex","follow":"nofollow"},"og_locale":"es_ES","og_type":"article","og_title":"Aviso Legal - Finques Prat","og_url":"https:\/\/finquesprat.cat\/es\/aviso-legal\/","og_site_name":"Finques Prat","article_modified_time":"2026-04-09T07:28:00+00:00","twitter_card":"summary_large_image","twitter_misc":{"Tiempo de lectura":"7 minutos"},"schema":{"@context":"https:\/\/schema.org","@graph":[{"@type":"WebPage","@id":"https:\/\/finquesprat.cat\/es\/aviso-legal\/","url":"https:\/\/finquesprat.cat\/es\/aviso-legal\/","name":"Aviso Legal - Finques Prat","isPartOf":{"@id":"https:\/\/finquesprat.cat\/#website"},"datePublished":"2026-04-09T06:58:47+00:00","dateModified":"2026-04-09T07:28:00+00:00","breadcrumb":{"@id":"https:\/\/finquesprat.cat\/es\/aviso-legal\/#breadcrumb"},"inLanguage":"es","potentialAction":[{"@type":"ReadAction","target":["https:\/\/finquesprat.cat\/es\/aviso-legal\/"]}]},{"@type":"BreadcrumbList","@id":"https:\/\/finquesprat.cat\/es\/aviso-legal\/#breadcrumb","itemListElement":[{"@type":"ListItem","position":1,"name":"Portada","item":"https:\/\/finquesprat.cat\/es\/inicio\/"},{"@type":"ListItem","position":2,"name":"Aviso Legal"}]},{"@type":"WebSite","@id":"https:\/\/finquesprat.cat\/#website","url":"https:\/\/finquesprat.cat\/","name":"Finques Prat","description":"La millor Immobili\u00e0ria al Maresme.","potentialAction":[{"@type":"SearchAction","target":{"@type":"EntryPoint","urlTemplate":"https:\/\/finquesprat.cat\/?s={search_term_string}"},"query-input":{"@type":"PropertyValueSpecification","valueRequired":true,"valueName":"search_term_string"}}],"inLanguage":"es"}]}},"_links":{"self":[{"href":"https:\/\/finquesprat.cat\/es\/wp-json\/wp\/v2\/pages\/2552","targetHints":{"allow":["GET"]}}],"collection":[{"href":"https:\/\/finquesprat.cat\/es\/wp-json\/wp\/v2\/pages"}],"about":[{"href":"https:\/\/finquesprat.cat\/es\/wp-json\/wp\/v2\/types\/page"}],"author":[{"embeddable":true,"href":"https:\/\/finquesprat.cat\/es\/wp-json\/wp\/v2\/users\/1"}],"replies":[{"embeddable":true,"href":"https:\/\/finquesprat.cat\/es\/wp-json\/wp\/v2\/comments?post=2552"}],"version-history":[{"count":2,"href":"https:\/\/finquesprat.cat\/es\/wp-json\/wp\/v2\/pages\/2552\/revisions"}],"predecessor-version":[{"id":2554,"href":"https:\/\/finquesprat.cat\/es\/wp-json\/wp\/v2\/pages\/2552\/revisions\/2554"}],"wp:attachment":[{"href":"https:\/\/finquesprat.cat\/es\/wp-json\/wp\/v2\/media?parent=2552"}],"curies":[{"name":"wp","href":"https:\/\/api.w.org\/{rel}","templated":true}]}}