{"id":2646,"date":"2026-04-16T09:39:38","date_gmt":"2026-04-16T09:39:38","guid":{"rendered":"https:\/\/finquesprat.cat\/politica-de-cookies\/"},"modified":"2026-04-16T10:40:34","modified_gmt":"2026-04-16T10:40:34","slug":"politica-de-cookies","status":"publish","type":"page","link":"https:\/\/finquesprat.cat\/es\/politica-de-cookies\/","title":{"rendered":"Pol\u00edtica de Cookies"},"content":{"rendered":"<div class=\"fusion-fullwidth fullwidth-box fusion-builder-row-1 fusion-flex-container nonhundred-percent-fullwidth non-hundred-percent-height-scrolling\" style=\"--awb-border-radius-top-left:0px;--awb-border-radius-top-right:0px;--awb-border-radius-bottom-right:0px;--awb-border-radius-bottom-left:0px;--awb-flex-wrap:wrap;\" ><div class=\"fusion-builder-row fusion-row fusion-flex-align-items-flex-start fusion-flex-content-wrap\" style=\"max-width:1248px;margin-left: calc(-4% \/ 2 );margin-right: calc(-4% \/ 2 );\"><div class=\"fusion-layout-column fusion_builder_column fusion-builder-column-0 fusion_builder_column_1_1 1_1 fusion-flex-column\" style=\"--awb-bg-size:cover;--awb-width-large:100%;--awb-margin-top-large:0px;--awb-spacing-right-large:1.92%;--awb-margin-bottom-large:0px;--awb-spacing-left-large:1.92%;--awb-width-medium:100%;--awb-spacing-right-medium:1.92%;--awb-spacing-left-medium:1.92%;--awb-width-small:100%;--awb-spacing-right-small:1.92%;--awb-spacing-left-small:1.92%;\"><div class=\"fusion-column-wrapper fusion-flex-justify-content-flex-start fusion-content-layout-column\"><a class=\"fusion-modal-text-link\" data-toggle=\"modal\" data-target=\".fusion-modal.Pol\u00edtica de cookies\" href=\"#\">\n<h2>POL\u00cdTICA DE COOKIES<\/h2>\n<p><em>Nota: El banner de la primera capa lo gestiona autom\u00e1ticamente Complianz. Este es el texto de la segunda capa (p\u00e1gina completa). <\/em><\/p>\n<h3>\u00bfQu\u00e9 es una cookie?<\/h3>\n<p>Este sitio web utiliza cookies y\/o tecnolog\u00edas similares que almacenan y recuperan informaci\u00f3n mientras navega. En general, estas tecnolog\u00edas pueden servir para una amplia variedad de fines, como reconocerle como usuario, obtener informaci\u00f3n sobre sus h\u00e1bitos de navegaci\u00f3n o personalizar la forma en que se muestra el contenido. A continuaci\u00f3n se describen los usos espec\u00edficos que hacemos de estas tecnolog\u00edas.  <\/p>\n<h3>\u00bfQui\u00e9n utiliza la informaci\u00f3n de las cookies?<\/h3>\n<p>Los datos almacenados son tratados por la empresa Finques Prat Serveis Inmobiliaris S.L., con CIF B66798703, cuyo domicilio social se encuentra en Passeig Prat De La Riba, 15, Local, 08320, El Masnou, Barcelona.<\/p>\n<h3>\u00bfQu\u00e9 tipos de cookies hay?<\/h3>\n<p>Las cookies pueden clasificarse, seg\u00fan sus propias caracter\u00edsticas, en varias categor\u00edas.<\/p>\n<p><strong>1. Dependiendo de la entidad que lo gestione:<\/strong><\/p>\n<ul>\n<li><strong>Cookies propias:<\/strong> son las que se env\u00edan a tu ordenador y las gestionamos exclusivamente nosotros para garantizar el funcionamiento \u00f3ptimo del sitio web.<\/li>\n<li><strong>Cookies de terceros:<\/strong> son cookies que se env\u00edan a tu ordenador y que no son gestionadas por nosotros, sino por un tercero.<\/li>\n<\/ul>\n<p><strong>2. Seg\u00fan el tiempo que permanecen activos:<\/strong><\/p>\n<ul>\n<li><strong>Cookies de sesi\u00f3n:<\/strong> este tipo de cookies recopila y almacena datos \u00fanicamente mientras el usuario est\u00e1 accediendo al sitio web.<\/li>\n<li><strong>Cookies persistentes:<\/strong> con este tipo de cookies, los datos permanecen almacenados y pueden consultarse y tratarse durante el periodo definido por el emisor de la cookie, que puede oscilar entre unos minutos y varios a\u00f1os.<\/li>\n<\/ul>\n<p><strong>3. Seg\u00fan la finalidad:<\/strong><\/p>\n<ul>\n<li><strong>Cookies t\u00e9cnicas:<\/strong> son aquellas que permiten al usuario navegar por el sitio web, la plataforma o la aplicaci\u00f3n y utilizar las diferentes opciones o servicios que ofrece; por ejemplo, controlar el tr\u00e1fico y la comunicaci\u00f3n de datos, identificar la sesi\u00f3n, acceder a \u00e1reas de acceso restringido, recordar los art\u00edculos que componen un pedido, completar el proceso de compra de un pedido, enviar una solicitud de inscripci\u00f3n o participaci\u00f3n en un evento, utilizar funciones de seguridad durante la navegaci\u00f3n, almacenar contenido para la transmisi\u00f3n de v\u00eddeo o audio, o compartir contenido a trav\u00e9s de redes sociales.<\/li>\n<li><strong>Cookies de personalizaci\u00f3n:<\/strong> son cookies que permiten al usuario acceder al servicio con algunas caracter\u00edsticas generales predefinidas, como el idioma, la configuraci\u00f3n regional desde la que se accede al servicio, etc.<\/li>\n<li><strong>Cookies de an\u00e1lisis:<\/strong> son cookies que permiten al responsable de las mismas realizar un seguimiento y analizar el comportamiento de los usuarios de los sitios web a los que est\u00e1n vinculadas. La informaci\u00f3n recopilada a trav\u00e9s de este tipo de cookies se utiliza para medir la actividad de los sitios web, aplicaci\u00f3n o plataforma y para la elaboraci\u00f3n de perfiles de navegaci\u00f3n de los usuarios de dichos sitios, aplicaciones y plataformas, con el fin de introducir mejoras basadas en el an\u00e1lisis de los datos de uso de los usuarios del servicio. <\/li>\n<li><strong>Cookies publicitarias:<\/strong> Son cookies que permiten gestionar de la forma m\u00e1s eficaz los espacios publicitarios que, en su caso, se hayan incluido en el sitio web, la aplicaci\u00f3n o la plataforma desde la que se presta el servicio solicitado, bas\u00e1ndose en criterios como el contenido publicado o la frecuencia con la que se muestran los anuncios.<\/li>\n<li><strong>Cookies de publicidad comportamental:<\/strong> son cookies que permiten gestionar, de la forma m\u00e1s eficaz posible, los espacios publicitarios que, en su caso, el editor haya incluido en su sitio web, aplicaci\u00f3n o plataforma desde la que se presta el servicio solicitado. Estas cookies almacenan informaci\u00f3n sobre el comportamiento de los usuarios obtenida a trav\u00e9s de la observaci\u00f3n continuada de sus h\u00e1bitos de navegaci\u00f3n, lo que permite elaborar un perfil espec\u00edfico para mostrar publicidad basada en \u00e9l. <\/li>\n<\/ul>\n<h3>\u00bfQu\u00e9 tipos de cookies utiliza este sitio web?<\/h3>\n<p>A continuaci\u00f3n se detallan las cookies espec\u00edficas que se utilizan en este sitio web:<\/p>\n<table>\n<tbody>\n<tr>\n<th>Nombre<\/th>\n<th>Tipo<\/th>\n<th>Duraci\u00f3n<\/th>\n<th>Finalidad<\/th>\n<th>Propio\/De terceros<\/th>\n<\/tr>\n<tr>\n<td colspan=\"5\"><em>Esta tabla es generada y actualizada autom\u00e1ticamente por Complianz.<\/em><\/td>\n<\/tr>\n<\/tbody>\n<\/table>\n<p>Esta tabla puede actualizarse en funci\u00f3n de las cookies que se utilicen en cada momento. Le recomendamos que consulte nuestra Pol\u00edtica de cookies con regularidad. <\/p>\n<h3>\u00bfSe realizan transferencias de datos a terceros pa\u00edses?<\/h3>\n<p>Puede consultar la informaci\u00f3n relativa a las transferencias a terceros pa\u00edses que, en su caso, realicen los terceros identificados en esta pol\u00edtica de cookies en sus respectivas pol\u00edticas (v\u00e9anse los enlaces que figuran en la tabla anterior, en la secci\u00f3n dedicada a las cookies de terceros).<\/p>\n<h3>\u00bfC\u00f3mo desactivar y bloquear las cookies?<\/h3>\n<p>Tenga en cuenta que puede desactivar o bloquear las cookies activando la configuraci\u00f3n correspondiente en su navegador, lo que le permitir\u00e1 rechazar la instalaci\u00f3n de todas o algunas de ellas. Si no permite la instalaci\u00f3n de cookies, es posible que no pueda acceder a algunas de las funciones de este sitio web y, por lo tanto, su experiencia de usuario en el sitio web podr\u00eda ser menos satisfactoria. <\/p>\n<p>Puede permitir, bloquear o eliminar las cookies instaladas en su dispositivo a trav\u00e9s de la configuraci\u00f3n del navegador instalado en su ordenador:<\/p>\n<ul>\n<li><a href=\"https:\/\/support.microsoft.com\/es-es\/help\/17442\/windows-internet-explorer-delete-manage-cookies\" target=\"_blank\" rel=\"noopener\">Internet Explorer<\/a><\/li>\n<li><a href=\"https:\/\/support.mozilla.org\/es\/kb\/habilitar-y-deshabilitar-cookies-sitios-web-rastrear-preferencias\" target=\"_blank\" rel=\"noopener\">Firefox<\/a><\/li>\n<li><a href=\"http:\/\/support.google.com\/chrome\/bin\/answer.py?hl=en&amp;answer=95647\" target=\"_blank\" rel=\"noopener\">Chrome<\/a><\/li>\n<li><a href=\"https:\/\/support.apple.com\/kb\/PH19214?viewlocale=es_ES&amp;locale=es_ES\" target=\"_blank\" rel=\"noopener\">Safari<\/a><\/li>\n<li><a href=\"http:\/\/help.opera.com\/Windows\/11.50\/es-ES\/cookies.html\" target=\"_blank\" rel=\"noopener\">Opera<\/a><\/li>\n<\/ul>\n<h3>\u00bfQu\u00e9 derechos tienes sobre los datos personales que has facilitado?<\/h3>\n<p>Como usuario, puedes ejercer los siguientes derechos:<\/p>\n<ul>\n<li><strong>Derecho de acceso: <\/strong>Tiene derecho a que la empresa le confirme si se est\u00e1n tratando sus datos personales y, en caso afirmativo, qu\u00e9 datos se est\u00e1n tratando.<\/li>\n<li><strong>Derecho de rectificaci\u00f3n:<\/strong> Tiene derecho a solicitar a la empresa la rectificaci\u00f3n de los datos personales inexactos que le conciernen. En su solicitud de rectificaci\u00f3n, deber\u00e1 indicar los datos que desea que se modifiquen. <\/li>\n<li><strong>Derecho de oposici\u00f3n:<\/strong> Tiene derecho a oponerse en cualquier momento, por motivos relacionados con su situaci\u00f3n particular, al tratamiento de los datos personales que le conciernen y que se basa en el inter\u00e9s leg\u00edtimo de la empresa. En este caso, la empresa dejar\u00e1 de tratar los datos personales, salvo que podamos demostrar motivos leg\u00edtimos imperiosos para el tratamiento que prevalezcan sobre sus intereses, derechos y libertades, o para la formulaci\u00f3n, el ejercicio o la defensa de reclamaciones legales. <\/li>\n<li><strong>Derecho de supresi\u00f3n:<\/strong> Tiene derecho a que la empresa suprima sus datos personales.<\/li>\n<li><strong>Derecho a la portabilidad de los datos: <\/strong>Tiene derecho a que la empresa transfiera sus datos personales a otro responsable del tratamiento. Solo podr\u00e1 ejercer este derecho cuando el tratamiento se base en la ejecuci\u00f3n de un contrato o en su consentimiento y se lleve a cabo por medios automatizados. <\/li>\n<li><strong>Derecho a la limitaci\u00f3n del tratamiento:<\/strong> Tiene derecho a solicitarnos que suspendamos el tratamiento de sus datos cuando: impugne la exactitud de los datos, mientras la empresa verifica dicha exactitud; haya ejercido su derecho a oponerse al tratamiento de sus datos, mientras se verifica si los motivos leg\u00edtimos de la empresa prevalecen sobre los suyos como interesado.<\/li>\n<li><strong>Derecho a no ser objeto de decisiones individuales automatizadas, incluida la elaboraci\u00f3n de perfiles: <\/strong>Tiene derecho a no ser objeto de una decisi\u00f3n basada exclusivamente en un tratamiento automatizado, incluida la elaboraci\u00f3n de perfiles, que produzca efectos jur\u00eddicos o que le afecte de manera similar y significativa.<\/li>\n<\/ul>\n<p>En cualquier momento, puede ejercer estos derechos enviando una solicitud por escrito, acompa\u00f1ada de un documento de identidad, a Finques Prat Serveis Inmobiliaris S.L., Passeig Prat De La Riba 15 Local, 08320 El Masnou, Barcelona. Correo electr\u00f3nico: info@finquesprat.cat <\/p>\n<p>Adem\u00e1s, puede presentar una reclamaci\u00f3n ante la autoridad de control, en este caso la Agencia Espa\u00f1ola de Protecci\u00f3n de Datos, si considera que el tratamiento de los datos personales incumple la legislaci\u00f3n aplicable.<\/p>\n<\/a><\/div><\/div><\/div><\/div>\n","protected":false},"excerpt":{"rendered":"","protected":false},"author":1,"featured_media":0,"parent":0,"menu_order":0,"comment_status":"closed","ping_status":"closed","template":"","meta":{"footnotes":""},"class_list":["post-2646","page","type-page","status-publish","hentry"],"yoast_head":"<!-- This site is optimized with the Yoast SEO plugin v27.4 - https:\/\/yoast.com\/product\/yoast-seo-wordpress\/ -->\n<title>Pol\u00edtica de Cookies - Finques Prat<\/title>\n<meta name=\"robots\" content=\"noindex, nofollow\" \/>\n<meta property=\"og:locale\" content=\"es_ES\" \/>\n<meta property=\"og:type\" content=\"article\" \/>\n<meta property=\"og:title\" content=\"Pol\u00edtica de Cookies - Finques Prat\" \/>\n<meta property=\"og:url\" content=\"https:\/\/finquesprat.cat\/es\/politica-de-cookies\/\" \/>\n<meta property=\"og:site_name\" content=\"Finques Prat\" \/>\n<meta property=\"article:modified_time\" content=\"2026-04-16T10:40:34+00:00\" \/>\n<meta name=\"twitter:card\" content=\"summary_large_image\" \/>\n<meta name=\"twitter:label1\" content=\"Tiempo de lectura\" \/>\n\t<meta name=\"twitter:data1\" content=\"8 minutos\" \/>\n<script type=\"application\/ld+json\" class=\"yoast-schema-graph\">{\"@context\":\"https:\\\/\\\/schema.org\",\"@graph\":[{\"@type\":\"WebPage\",\"@id\":\"https:\\\/\\\/finquesprat.cat\\\/es\\\/politica-de-cookies\\\/\",\"url\":\"https:\\\/\\\/finquesprat.cat\\\/es\\\/politica-de-cookies\\\/\",\"name\":\"Pol\u00edtica de Cookies - Finques Prat\",\"isPartOf\":{\"@id\":\"https:\\\/\\\/finquesprat.cat\\\/#website\"},\"datePublished\":\"2026-04-16T09:39:38+00:00\",\"dateModified\":\"2026-04-16T10:40:34+00:00\",\"breadcrumb\":{\"@id\":\"https:\\\/\\\/finquesprat.cat\\\/es\\\/politica-de-cookies\\\/#breadcrumb\"},\"inLanguage\":\"es\",\"potentialAction\":[{\"@type\":\"ReadAction\",\"target\":[\"https:\\\/\\\/finquesprat.cat\\\/es\\\/politica-de-cookies\\\/\"]}]},{\"@type\":\"BreadcrumbList\",\"@id\":\"https:\\\/\\\/finquesprat.cat\\\/es\\\/politica-de-cookies\\\/#breadcrumb\",\"itemListElement\":[{\"@type\":\"ListItem\",\"position\":1,\"name\":\"Portada\",\"item\":\"https:\\\/\\\/finquesprat.cat\\\/es\\\/inicio\\\/\"},{\"@type\":\"ListItem\",\"position\":2,\"name\":\"Pol\u00edtica de Cookies\"}]},{\"@type\":\"WebSite\",\"@id\":\"https:\\\/\\\/finquesprat.cat\\\/#website\",\"url\":\"https:\\\/\\\/finquesprat.cat\\\/\",\"name\":\"Finques Prat\",\"description\":\"La millor Immobili\u00e0ria al Maresme.\",\"potentialAction\":[{\"@type\":\"SearchAction\",\"target\":{\"@type\":\"EntryPoint\",\"urlTemplate\":\"https:\\\/\\\/finquesprat.cat\\\/?s={search_term_string}\"},\"query-input\":{\"@type\":\"PropertyValueSpecification\",\"valueRequired\":true,\"valueName\":\"search_term_string\"}}],\"inLanguage\":\"es\"}]}<\/script>\n<!-- \/ Yoast SEO plugin. -->","yoast_head_json":{"title":"Pol\u00edtica de Cookies - Finques Prat","robots":{"index":"noindex","follow":"nofollow"},"og_locale":"es_ES","og_type":"article","og_title":"Pol\u00edtica de Cookies - Finques Prat","og_url":"https:\/\/finquesprat.cat\/es\/politica-de-cookies\/","og_site_name":"Finques Prat","article_modified_time":"2026-04-16T10:40:34+00:00","twitter_card":"summary_large_image","twitter_misc":{"Tiempo de lectura":"8 minutos"},"schema":{"@context":"https:\/\/schema.org","@graph":[{"@type":"WebPage","@id":"https:\/\/finquesprat.cat\/es\/politica-de-cookies\/","url":"https:\/\/finquesprat.cat\/es\/politica-de-cookies\/","name":"Pol\u00edtica de Cookies - Finques Prat","isPartOf":{"@id":"https:\/\/finquesprat.cat\/#website"},"datePublished":"2026-04-16T09:39:38+00:00","dateModified":"2026-04-16T10:40:34+00:00","breadcrumb":{"@id":"https:\/\/finquesprat.cat\/es\/politica-de-cookies\/#breadcrumb"},"inLanguage":"es","potentialAction":[{"@type":"ReadAction","target":["https:\/\/finquesprat.cat\/es\/politica-de-cookies\/"]}]},{"@type":"BreadcrumbList","@id":"https:\/\/finquesprat.cat\/es\/politica-de-cookies\/#breadcrumb","itemListElement":[{"@type":"ListItem","position":1,"name":"Portada","item":"https:\/\/finquesprat.cat\/es\/inicio\/"},{"@type":"ListItem","position":2,"name":"Pol\u00edtica de Cookies"}]},{"@type":"WebSite","@id":"https:\/\/finquesprat.cat\/#website","url":"https:\/\/finquesprat.cat\/","name":"Finques Prat","description":"La millor Immobili\u00e0ria al Maresme.","potentialAction":[{"@type":"SearchAction","target":{"@type":"EntryPoint","urlTemplate":"https:\/\/finquesprat.cat\/?s={search_term_string}"},"query-input":{"@type":"PropertyValueSpecification","valueRequired":true,"valueName":"search_term_string"}}],"inLanguage":"es"}]}},"_links":{"self":[{"href":"https:\/\/finquesprat.cat\/es\/wp-json\/wp\/v2\/pages\/2646","targetHints":{"allow":["GET"]}}],"collection":[{"href":"https:\/\/finquesprat.cat\/es\/wp-json\/wp\/v2\/pages"}],"about":[{"href":"https:\/\/finquesprat.cat\/es\/wp-json\/wp\/v2\/types\/page"}],"author":[{"embeddable":true,"href":"https:\/\/finquesprat.cat\/es\/wp-json\/wp\/v2\/users\/1"}],"replies":[{"embeddable":true,"href":"https:\/\/finquesprat.cat\/es\/wp-json\/wp\/v2\/comments?post=2646"}],"version-history":[{"count":2,"href":"https:\/\/finquesprat.cat\/es\/wp-json\/wp\/v2\/pages\/2646\/revisions"}],"predecessor-version":[{"id":2648,"href":"https:\/\/finquesprat.cat\/es\/wp-json\/wp\/v2\/pages\/2646\/revisions\/2648"}],"wp:attachment":[{"href":"https:\/\/finquesprat.cat\/es\/wp-json\/wp\/v2\/media?parent=2646"}],"curies":[{"name":"wp","href":"https:\/\/api.w.org\/{rel}","templated":true}]}}